{"id":16,"date":"2013-11-26T19:26:34","date_gmt":"2013-11-26T19:26:34","guid":{"rendered":"http:\/\/localhost\/sandrinas\/?page_id=16"},"modified":"2025-10-18T01:07:34","modified_gmt":"2025-10-18T01:07:34","slug":"info","status":"publish","type":"page","link":"https:\/\/sandrinas.com\/?page_id=16","title":{"rendered":"INFO"},"content":{"rendered":"<div dir=\"ltr\" style=\"text-align: center;\"><\/div>\n<div dir=\"ltr\">\n<hr \/>\n<\/div>\n<div dir=\"ltr\" style=\"text-align: center;\">\n<div dir=\"ltr\"><\/div>\n<div dir=\"ltr\" style=\"padding-left: 40px;\"><\/div>\n<div dir=\"ltr\">Reservations: <span dir=\"ltr\">sandrinasrestaurant@gmail.com<\/span><\/div>\n<div dir=\"ltr\"><span dir=\"ltr\">(329)298-0273<\/span><\/div>\n<div dir=\"ltr\"><\/div>\n<div dir=\"ltr\"><\/div>\n<div dir=\"ltr\">Happy hour\/Hora feliz <span dir=\"ltr\">3:00-4:30 with our famous reuben sandwich and more!<\/span><\/div>\n<\/div>\n<div>\n<div class=\"gmail_signature\" dir=\"ltr\" data-smartmail=\"gmail_signature\">\n<div dir=\"ltr\">\n<div style=\"text-align: center;\">Sandrina and Chelsea<\/div>\n<div><\/div>\n<\/div>\n<\/div>\n<\/div>\n<p style=\"text-align: center;\">\u2014\u2014\u2014\u2014\u2014\u2014\u2014\u2014\u2014\u2014\u2014\u2014\u2014\u2014\u2014\u2014\u2014\u2014\u2014<\/p>\n<p style=\"text-align: center;\">RESERVATIONS, information or want to be added to our mailing list please contact Sandrina directly at: sandrinasrestaurant@gmail.com<\/p>\n<p style=\"text-align: center;\">Sandrina&#8217;s is open Wednesday &#8211; Sunday at 3:00 daily and we are <em><strong>closed on Mondays and Tuesdays<\/strong><\/em><br \/>\nReservations: sandrinasrestaurant@gmail.com or<br \/>\nafter 2:00 (329)-298-0273.<\/p>\n<p style=\"text-align: center;\">Also, if you are interested in our art groups or upcoming cooking groups, please send me an email. Muchas gracias from all of us at Sandrinas.<\/p>\n<p style=\"text-align: center;\">Sandrina&#8217;s esta abierto a las 3:00 mi\u00e9rcoles a domingo y estaremos <em><strong>cerrados los lunes y martes<\/strong><\/em><br \/>\nReservas: sandrinasrestaurant@gmail.com<br \/>\n329-298-0273.<\/p>\n<p style=\"text-align: center;\">Adem\u00e1s, si est\u00e1 interesado en nuestros grupos de arte o pr\u00f3ximos grupos de cocina, env\u00edeme un correo electr\u00f3nico. Muchas gracias de parte de todos nosotros en Sandrinas.<\/p>\n<p style=\"text-align: center;\"><a href=\"https:\/\/www.facebook.com\/Sandrinas-Restaurant-and-Boutique-272625206172274\/\">Facebook\/ Sandrinas Restaurant and Boutique<\/a> or Instagram @sandrinas_restaurant for more information <strong>(329) 298 0273<\/strong><\/p>\n<p style=\"text-align: center;\"><iframe loading=\"lazy\" style=\"border: 0;\" tabindex=\"0\" src=\"https:\/\/www.google.com\/maps\/embed?pb=!1m18!1m12!1m3!1d7461.783640085066!2d-105.33395564964599!3d20.75517835413779!2m3!1f0!2f0!3f0!3m2!1i1024!2i768!4f13.1!3m3!1m2!1s0x84214403ffffffff%3A0xff20ae10e1d35acc!2sSandrina%C2%B4s%20Restaurant!5e0!3m2!1sen!2smx!4v1601757363676!5m2!1sen!2smx\" width=\"400\" height=\"300\" frameborder=\"0\" allowfullscreen=\"allowfullscreen\" aria-hidden=\"false\"><\/iframe><\/p>\n<p style=\"text-align: center;\"><strong>Sandrina\u00b4s Restaurant<\/strong><br \/>\nLazaro Cardenas No. 33<br \/>\nColonia Las Palmas<br \/>\nBucerias, Riviera Nayarit.<br \/>\nCP. 63732 M\u00e9xico.<\/p>\n<p style=\"text-align: center;\"><strong>Reservations<\/strong><br \/>\nafter 2:00<\/p>\n<p style=\"text-align: center;\">(329) 298-0273 \u00a0 \u00a0 \u00a0 sandrinasrestaurant@gmail.com<\/p>\n<p style=\"text-align: center;\"><strong>* Visa and Mastercard Accepted *<\/strong><\/p>\n<p style=\"text-align: center;\">We are located 20 minutes north of Puerto Vallarta airport, 5 minute from Nuevo Vallarta 7 \u00bd Blocks from The Royal de Camar\u00f3n Resort in Bucerias.<\/p>\n<p style=\"text-align: center;\">Our gift certificates make a great and easy gift!<\/p>\n","protected":false},"excerpt":{"rendered":"<p>Reservations: sandrinasrestaurant@gmail.com (329)298-0273 Happy hour\/Hora feliz 3:00-4:30 with our famous reuben sandwich and more! Sandrina and Chelsea \u2014\u2014\u2014\u2014\u2014\u2014\u2014\u2014\u2014\u2014\u2014\u2014\u2014\u2014\u2014\u2014\u2014\u2014\u2014 RESERVATIONS, information or want to be added to our mailing list please contact Sandrina directly at: sandrinasrestaurant@gmail.com Sandrina&#8217;s is open Wednesday &#8211; Sunday at 3:00 daily and we are closed on Mondays and Tuesdays Reservations: sandrinasrestaurant@gmail.com or &hellip; <\/p>\n<p class=\"link-more\"><a href=\"https:\/\/sandrinas.com\/?page_id=16\" class=\"more-link\">Continue reading<span class=\"screen-reader-text\"> &#8220;INFO&#8221;<\/span><\/a><\/p>\n","protected":false},"author":1,"featured_media":0,"parent":0,"menu_order":0,"comment_status":"closed","ping_status":"closed","template":"","meta":{"footnotes":""},"class_list":["post-16","page","type-page","status-publish","hentry"],"_links":{"self":[{"href":"https:\/\/sandrinas.com\/index.php?rest_route=\/wp\/v2\/pages\/16","targetHints":{"allow":["GET"]}}],"collection":[{"href":"https:\/\/sandrinas.com\/index.php?rest_route=\/wp\/v2\/pages"}],"about":[{"href":"https:\/\/sandrinas.com\/index.php?rest_route=\/wp\/v2\/types\/page"}],"author":[{"embeddable":true,"href":"https:\/\/sandrinas.com\/index.php?rest_route=\/wp\/v2\/users\/1"}],"replies":[{"embeddable":true,"href":"https:\/\/sandrinas.com\/index.php?rest_route=%2Fwp%2Fv2%2Fcomments&post=16"}],"version-history":[{"count":106,"href":"https:\/\/sandrinas.com\/index.php?rest_route=\/wp\/v2\/pages\/16\/revisions"}],"predecessor-version":[{"id":3895,"href":"https:\/\/sandrinas.com\/index.php?rest_route=\/wp\/v2\/pages\/16\/revisions\/3895"}],"wp:attachment":[{"href":"https:\/\/sandrinas.com\/index.php?rest_route=%2Fwp%2Fv2%2Fmedia&parent=16"}],"curies":[{"name":"wp","href":"https:\/\/api.w.org\/{rel}","templated":true}]}}